{"id":2,"date":"2025-05-04T19:49:28","date_gmt":"2025-05-04T17:49:28","guid":{"rendered":"https:\/\/roslinnafromazeria.pl\/?page_id=2"},"modified":"2025-05-04T20:38:55","modified_gmt":"2025-05-04T18:38:55","slug":"przykladowa-strona","status":"publish","type":"page","link":"https:\/\/roslinnafromazeria.pl\/?page_id=2","title":{"rendered":"Jeste\u015bmy tu dla Was!"},"content":{"rendered":"\n<p>Z mi\u0142o\u015bci do ro\u015blin i pasji do smaku tworzymy wyj\u0105tkowe alternatywy ser\u00f3w, kt\u00f3re s\u0105 w 100% ro\u015blinne, naturalne i pe\u0142ne charakteru. Wiemy, jak wa\u017cny jest \u015bwiadomy wyb\u00f3r \u2013 dlatego jeste\u015bmy tu, by wspiera\u0107 Was w codziennych decyzjach: smakowa\u0107 lepiej, je\u015b\u0107 zdrowiej i \u017cy\u0107 bardziej zgodnie z natur\u0105. Ro\u015blinna Forma\u017ceria to nie tylko produkt \u2013 to spo\u0142eczno\u015b\u0107, idea i obietnica, \u017ce ro\u015blinne te\u017c mo\u017ce by\u0107 pyszne.<\/p>\n","protected":false},"excerpt":{"rendered":"<p>Z mi\u0142o\u015bci do ro\u015blin i pasji do smaku tworzymy wyj\u0105tkowe alternatywy ser\u00f3w, kt\u00f3re s\u0105 w 100% ro\u015blinne, naturalne i pe\u0142ne charakteru. Wiemy, jak wa\u017cny jest \u015bwiadomy wyb\u00f3r \u2013 dlatego jeste\u015bmy tu, by wspiera\u0107 Was w codziennych decyzjach: smakowa\u0107 lepiej, je\u015b\u0107 zdrowiej i \u017cy\u0107 bardziej zgodnie z natur\u0105. Ro\u015blinna Forma\u017ceria to nie tylko produkt \u2013 to<\/p>\n<div class=\"more-link\">\n\t\t\t\t <a href=\"https:\/\/roslinnafromazeria.pl\/?page_id=2\" class=\"btn theme-btn inverted\"><span>Read More <\/span><\/a>\n\t\t\t<\/div>\n","protected":false},"author":1,"featured_media":0,"parent":0,"menu_order":0,"comment_status":"closed","ping_status":"open","template":"","meta":{"footnotes":""},"class_list":["post-2","page","type-page","status-publish","hentry"],"_links":{"self":[{"href":"https:\/\/roslinnafromazeria.pl\/index.php?rest_route=\/wp\/v2\/pages\/2","targetHints":{"allow":["GET"]}}],"collection":[{"href":"https:\/\/roslinnafromazeria.pl\/index.php?rest_route=\/wp\/v2\/pages"}],"about":[{"href":"https:\/\/roslinnafromazeria.pl\/index.php?rest_route=\/wp\/v2\/types\/page"}],"author":[{"embeddable":true,"href":"https:\/\/roslinnafromazeria.pl\/index.php?rest_route=\/wp\/v2\/users\/1"}],"replies":[{"embeddable":true,"href":"https:\/\/roslinnafromazeria.pl\/index.php?rest_route=%2Fwp%2Fv2%2Fcomments&post=2"}],"version-history":[{"count":2,"href":"https:\/\/roslinnafromazeria.pl\/index.php?rest_route=\/wp\/v2\/pages\/2\/revisions"}],"predecessor-version":[{"id":11,"href":"https:\/\/roslinnafromazeria.pl\/index.php?rest_route=\/wp\/v2\/pages\/2\/revisions\/11"}],"wp:attachment":[{"href":"https:\/\/roslinnafromazeria.pl\/index.php?rest_route=%2Fwp%2Fv2%2Fmedia&parent=2"}],"curies":[{"name":"wp","href":"https:\/\/api.w.org\/{rel}","templated":true}]}}